{"id":10,"date":"2021-05-25T08:03:39","date_gmt":"2021-05-25T08:03:39","guid":{"rendered":"http:\/\/digilab-hait.de\/hub\/?page_id=10"},"modified":"2023-08-10T09:32:08","modified_gmt":"2023-08-10T09:32:08","slug":"the-new-umoma-opens-its-doors","status":"publish","type":"page","link":"https:\/\/digilab-hait.de\/hub\/","title":{"rendered":"Digitallabor des Hannah Arendt Instituts"},"content":{"rendered":"\n<p class=\"has-text-align-center\">Das HAIT Digitallabor wurde im Rahmen der Digitalisierungsstrategie des Hannah-Arendt-Instituts am 26.05.2021 eingeweiht und zum 24.02.2023 als teil\u00f6ffentliches digitales Labor fertiggestellt<\/p>\n\n\n\n<div class=\"wp-block-columns alignwide\">\n<div class=\"wp-block-column\">\n<h2 style=\"font-size:40px\">Prototypen zur Datenbank Freiheitskampf<\/h2>\n\n\n\n<p>In Vorbereitung der \u00dcberarbeitung der grafischen Nutzeroberfl\u00e4che der Datenbank zum langj\u00e4hrigen<a rel=\"noreferrer noopener\" href=\"https:\/\/hait.tu-dresden.de\/ext\/forschung\/der-freiheitskampf.asp\" data-type=\"URL\" data-id=\"https:\/\/hait.tu-dresden.de\/ext\/forschung\/der-freiheitskampf.asp\" target=\"_blank\"> <\/a>Forschungsprojekt Freiheitskampf<span class=\"has-inline-color has-accent-color\"> <\/span>sind verschiedene Prototypen und Studien aufgesetzt worden. Sie befassen sich zum einen mit thematischen Zug\u00e4ngen, die den Raumbezug der Artikel im Freiheitskampf mittels interaktiven Karten erschlie\u00dfen. Zum anderen wurden umfangreiche Versuche zur automatischen Erkennung des Layouts der Zeitungsseiten durchgef\u00fchrt. <\/p>\n\n\n\n<h3 style=\"font-size:30px\">Kartierung von Ortsgruppen und Organisation <\/h3>\n\n\n\n<figure class=\"wp-block-gallery columns-2 is-cropped\"><ul class=\"blocks-gallery-grid\"><li class=\"blocks-gallery-item\"><figure><img loading=\"lazy\" width=\"1278\" height=\"945\" src=\"https:\/\/digilab-hait.de\/hub\/wp-content\/uploads\/2021\/09\/freiheitskampf1.png\" alt=\"\" data-id=\"125\" data-link=\"https:\/\/digilab-hait.de\/hub\/index.php\/the-new-umoma-opens-its-doors\/freiheitskampf1\/\" class=\"wp-image-125\"\/><\/figure><\/li><li class=\"blocks-gallery-item\"><figure><img loading=\"lazy\" width=\"457\" height=\"536\" src=\"https:\/\/digilab-hait.de\/hub\/wp-content\/uploads\/2021\/09\/freiheitskampf2-1.png\" alt=\"\" data-id=\"129\" data-link=\"https:\/\/digilab-hait.de\/hub\/index.php\/the-new-umoma-opens-its-doors\/freiheitskampf2-1\/\" class=\"wp-image-129\"\/><\/figure><\/li><\/ul><\/figure>\n\n\n\n<p>Konzeption: Michael Tho\u00df \/ Digitale Umsetzung: Jochen Tiepmar <\/p>\n\n\n\n<p>Die Auswertung der Zeitung Freiheitskampf erm\u00f6glicht die Rekonstruktion der weitr\u00e4umigen Ausbreitung von Gesch\u00e4ftsstellen und Versammlungspl\u00e4tzen der NS-Organisationen in Dresden, sowie die Darstellung der r\u00e4umlichen Ausbreitung der Partei-Strukturen im Gau Sachsen. Von 2022 bis 2023  wurden die kartografische Darstellung im Digitallabor erprobt.<\/p>\n\n\n\n<div class=\"wp-block-buttons\">\n<div class=\"wp-block-button is-style-outline\"><a class=\"wp-block-button__link\" href=\"https:\/\/digilab-hait.de\/freiheitskampf\/\" target=\"_blank\" rel=\"noreferrer noopener\">\u00d6ffnen<\/a><\/div>\n<\/div>\n\n\n\n<h3 style=\"font-size:30px\">Visualisierung der zeitlichen Verteilung der Themen mit dem Vikus Viewer <\/h3>\n\n\n\n<figure class=\"wp-block-image size-large\"><img loading=\"lazy\" width=\"1024\" height=\"502\" src=\"https:\/\/digilab-hait.de\/hub\/wp-content\/uploads\/2023\/08\/vikus_viewer-1024x502.png\" alt=\"\" class=\"wp-image-183\" srcset=\"https:\/\/digilab-hait.de\/hub\/wp-content\/uploads\/2023\/08\/vikus_viewer-1024x502.png 1024w, https:\/\/digilab-hait.de\/hub\/wp-content\/uploads\/2023\/08\/vikus_viewer-300x147.png 300w, https:\/\/digilab-hait.de\/hub\/wp-content\/uploads\/2023\/08\/vikus_viewer-768x377.png 768w, https:\/\/digilab-hait.de\/hub\/wp-content\/uploads\/2023\/08\/vikus_viewer-1200x589.png 1200w, https:\/\/digilab-hait.de\/hub\/wp-content\/uploads\/2023\/08\/vikus_viewer.png 1411w\" sizes=\"(max-width: 1024px) 100vw, 1024px\" \/><figcaption>Ausschnitt VikusViewer (Umsetzung: T. Henning)<\/figcaption><\/figure>\n\n\n\n<p>Konzeption und Umsetzung: Tim Henning<\/p>\n\n\n\n<p>Als Einstieg in die Besch\u00e4ftigung mit digitalen Methoden zur digitalen Untersuchung des Layouts und der automatischen Extraktion der \u00dcberschriften wurde im Fr\u00fchjahr 2023 eine Visualisierung der Schlagworte (Themen) der Datenbank vorgenommen. Verwendet wurde dazu der an der FH Potsdam entwickelte VikusViewer. <\/p>\n\n\n\n<div class=\"wp-block-buttons\">\n<div class=\"wp-block-button is-style-outline\"><a class=\"wp-block-button__link\" href=\"https:\/\/timops102.github.io\/HAIT_vikusviewer\/\" target=\"_blank\" rel=\"noreferrer noopener\">\u00f6ffnen<\/a><\/div>\n<\/div>\n<\/div>\n\n\n\n<div class=\"wp-block-column\">\n<h2 style=\"font-size:40px\">Forschungen der Digital Humanities<\/h2>\n\n\n\n<p>Von 2021 an werden am HAIT Forschungen der Digital Humanities durchgef\u00fchrt, die Teil der Forschungsprojekte des HAIT sind. <\/p>\n\n\n\n<h2 style=\"font-size:30px\">DIKUSA<\/h2>\n\n\n\n<figure class=\"wp-block-image size-large\"><img loading=\"lazy\" width=\"765\" height=\"412\" src=\"https:\/\/digilab-hait.de\/hub\/wp-content\/uploads\/2022\/12\/dikusadeckblatt-1.png\" alt=\"\" class=\"wp-image-167\" srcset=\"https:\/\/digilab-hait.de\/hub\/wp-content\/uploads\/2022\/12\/dikusadeckblatt-1.png 765w, https:\/\/digilab-hait.de\/hub\/wp-content\/uploads\/2022\/12\/dikusadeckblatt-1-300x162.png 300w\" sizes=\"(max-width: 765px) 100vw, 765px\" \/><\/figure>\n\n\n\n<p>Leitung Digital Humanities: Jochen Tiepmar<\/p>\n\n\n\n<p class=\"has-primary-color has-text-color\">Der Freistaat Sachsen hat ein Verbundprojekt auf den Weg gebracht, das die Vernetzung digitaler Kulturdaten in Sachsen zum Ziel hat. Im DIKUSA-Projekt werden unter Koordination der Arbeitsstelle <a rel=\"noreferrer noopener\" href=\"https:\/\/kompetenzwerkd.github.io\/infoportal\/\" target=\"_blank\">KompetenzwerkD<\/a> der <a rel=\"noreferrer noopener\" href=\"https:\/\/www.saw-leipzig.de\/de\" target=\"_blank\">S\u00e4chsischen Akademie der Wissenschaften zu Leipzig<\/a> die au\u00dferuniversit\u00e4ren geisteswissenschaftlichen Forschungseinrichtungen Sachsens jeweils in eigenen Teilprojekten zur Kultur- und Sozialgeschichte Sachsens forschen. Ziel ist es, die in den Instituten erzeugten Kulturdaten \u2013 in diesem Fall sind das vor allem Daten mit geografischem Bezug \u2013 nachhaltig und \u00f6ffentlich nutzbar zu machen. Die daf\u00fcr entwickelten Tools sollen auch \u00fcber die Teilprojekte hinaus anwendbar sein.<\/p>\n\n\n\n<div class=\"wp-block-buttons\">\n<div class=\"wp-block-button is-style-outline\"><a class=\"wp-block-button__link\" href=\"https:\/\/digilab-hait.de\/dikusa\/\">\u00f6ffnen<\/a><\/div>\n<\/div>\n\n\n\n<h2 style=\"font-size:30px\">Semporalgraph<\/h2>\n\n\n\n<figure class=\"wp-block-gallery columns-1 is-cropped\"><ul class=\"blocks-gallery-grid\"><li class=\"blocks-gallery-item\"><figure><img loading=\"lazy\" width=\"646\" height=\"606\" src=\"https:\/\/digilab-hait.de\/hub\/wp-content\/uploads\/2022\/07\/semporalgraph.png\" alt=\"\" data-id=\"158\" data-full-url=\"https:\/\/digilab-hait.de\/hub\/wp-content\/uploads\/2022\/07\/semporalgraph.png\" data-link=\"https:\/\/digilab-hait.de\/hub\/index.php\/the-new-umoma-opens-its-doors\/semporalgraph-2\/\" class=\"wp-image-158\" srcset=\"https:\/\/digilab-hait.de\/hub\/wp-content\/uploads\/2022\/07\/semporalgraph.png 646w, https:\/\/digilab-hait.de\/hub\/wp-content\/uploads\/2022\/07\/semporalgraph-300x281.png 300w\" sizes=\"(max-width: 646px) 100vw, 646px\" \/><\/figure><\/li><\/ul><\/figure>\n\n\n\n<p>Leitung Digital Humanities: Jochen Tiepmar<\/p>\n\n\n\n<p>Experimentelle Mischung aus Semantischem und Temporalem Graph<\/p>\n\n\n\n<div class=\"wp-block-buttons\">\n<div class=\"wp-block-button is-style-outline\"><a class=\"wp-block-button__link\" href=\"https:\/\/digilab-hait.de\/semporalgraph\/\">\u00d6ffnen<\/a><\/div>\n<\/div>\n\n\n\n<h3 style=\"font-size:30px\">MDR Corona Ticker for NLP<\/h3>\n\n\n\n<figure class=\"wp-block-image size-large\"><img loading=\"lazy\" width=\"1024\" height=\"581\" src=\"https:\/\/digilab-hait.de\/hub\/wp-content\/uploads\/2022\/07\/logo-1024x581.png\" alt=\"\" class=\"wp-image-155\" srcset=\"https:\/\/digilab-hait.de\/hub\/wp-content\/uploads\/2022\/07\/logo-1024x581.png 1024w, https:\/\/digilab-hait.de\/hub\/wp-content\/uploads\/2022\/07\/logo-300x170.png 300w, https:\/\/digilab-hait.de\/hub\/wp-content\/uploads\/2022\/07\/logo-768x436.png 768w, https:\/\/digilab-hait.de\/hub\/wp-content\/uploads\/2022\/07\/logo-1200x681.png 1200w, https:\/\/digilab-hait.de\/hub\/wp-content\/uploads\/2022\/07\/logo.png 1310w\" sizes=\"(max-width: 1024px) 100vw, 1024px\" \/><\/figure>\n\n\n\n<p>Leitung Digital Humanities: Jochen Tiepmar<\/p>\n\n\n\n<p>Dieser Datensatz enth\u00e4lt einen Crawl der Coronaticker des MDR im Original sowie f\u00fcr Natural Language Processing (NLP) normalisiert. Bilder sind nicht enthalten. Zus\u00e4tzlich werden diverse Text Mining Analysen beispielhaft durchgef\u00fchrt und als vorberechnete Beispieldaten sowie frei weiterverwendbare Analyseskripte bereitgestellt.<\/p>\n\n\n\n<div class=\"wp-block-buttons\">\n<div class=\"wp-block-button is-style-outline\"><a class=\"wp-block-button__link\" href=\"https:\/\/digilab-hait.de\/coronaticker\/\">\u00f6ffnen<\/a><\/div>\n<\/div>\n\n\n\n<div class=\"wp-block-group\"><div class=\"wp-block-group__inner-container\">\n<h3 class=\"has-text-align-left\" style=\"font-size:30px\">Corona-Dashboard<\/h3>\n\n\n\n<figure class=\"wp-block-gallery alignfull columns-2 is-cropped\"><ul class=\"blocks-gallery-grid\"><li class=\"blocks-gallery-item\"><figure><img loading=\"lazy\" width=\"602\" height=\"683\" src=\"https:\/\/digilab-hait.de\/hub\/wp-content\/uploads\/2021\/05\/coronadashboard2.png\" alt=\"\" data-id=\"71\" data-link=\"https:\/\/digilab-hait.de\/hub\/index.php\/the-new-umoma-opens-its-doors\/coronadashboard2\/\" class=\"wp-image-71\"\/><\/figure><\/li><li class=\"blocks-gallery-item\"><figure><img loading=\"lazy\" width=\"946\" height=\"1126\" src=\"https:\/\/digilab-hait.de\/hub\/wp-content\/uploads\/2021\/05\/coronadashboard2-4.png\" alt=\"\" data-id=\"80\" data-link=\"https:\/\/digilab-hait.de\/hub\/index.php\/the-new-umoma-opens-its-doors\/coronadashboard2-4\/\" class=\"wp-image-80\"\/><\/figure><\/li><\/ul><\/figure>\n\n\n\n<p>Leitung Digital Humanities: Jochen Tiepmar<\/p>\n\n\n\n<p class=\"has-text-align-left\">Verschiedene haupts\u00e4chlich auf Sachsen fokussierte Analysewerkzeuge aus dem Corona-Projekt: Deutschlandweit absolute Zahlen und Inzidenzen der Bundesl\u00e4nder und Land\/Stadtkreise (RKI-Daten) aggregiert nach Altersgruppe, Geschlecht und Ort. Sachsenweit Inzidenzen der Gemeinden sowie Impfungen und Mutationszahlen (SMS-Daten). <\/p>\n\n\n\n<p><em>Vom Virus zu viralen Verschw\u00f6rungstheorien: Die &#8222;Spanische Grippe&#8220; und die COVID-19-Pandemie in interdisziplin\u00e4rer und internationaler Perspektive<\/em><\/p>\n\n\n\n<div class=\"wp-block-button is-style-outline\"><a class=\"wp-block-button__link\" href=\"https:\/\/digilab-hait.de\/coronadashboard\/vis\/rki\/inzidenz\/?data=sachsen-_gesamt\" target=\"_blank\" rel=\"noreferrer noopener\">\u00d6ffnen<\/a><\/div>\n<\/div><\/div>\n<\/div>\n\n\n\n<div class=\"wp-block-column\">\n<div class=\"wp-block-group\"><div class=\"wp-block-group__inner-container\">\n<h2 style=\"font-size:40px\">Tools und  Sammlungen<\/h2>\n\n\n\n<p>Um die Wissenschaftler\/innen am HAIT einfache Zug\u00e4nge zu Daten zu verschaffen und ihnen die Durchf\u00fchrung bestimmter Arbeiten, wie das Anfertigen von Kartierungen zu erleichtern, wurden von 2021 bis 2023 Datensammlungen und Tools \u00fcber das Digitallabor zug\u00e4nglich gemacht.<\/p>\n\n\n\n<h3 style=\"font-size:30px\">Sachsen Statistiken<\/h3>\n\n\n\n<figure class=\"wp-block-gallery alignfull columns-1 is-cropped\"><ul class=\"blocks-gallery-grid\"><li class=\"blocks-gallery-item\"><figure><img loading=\"lazy\" width=\"781\" height=\"438\" src=\"https:\/\/digilab-hait.de\/hub\/wp-content\/uploads\/2021\/05\/sachsenstats.png\" alt=\"\" data-id=\"87\" data-link=\"https:\/\/digilab-hait.de\/hub\/index.php\/the-new-umoma-opens-its-doors\/sachsenstats\/\" class=\"wp-image-87\"\/><\/figure><\/li><\/ul><\/figure>\n\n\n\n<p>Konzept und Umsetzung: Jochen Tiepmar<\/p>\n\n\n\n<p>Sammlung von allgemeinen (demographischen) Statistiken zu Sachsen. Momentan sind nur Altersverteilung der Landkreise f\u00fcr die Jahr 2016 bis 2019 und Einwohnerzahl der Gemeinden enthalten, aber mehr folgt.<\/p>\n\n\n\n<div class=\"wp-block-button is-style-outline\"><a class=\"wp-block-button__link\" href=\"https:\/\/digilab-hait.de\/sachsenstats\/vis\/altersverteilung\/\">\u00d6ffnen<\/a><\/div>\n<\/div><\/div>\n\n\n\n<h3 style=\"font-size:30px\">Zeitungskatalog Dreil\u00e4ndereck<\/h3>\n\n\n\n<figure class=\"wp-block-image size-large\"><img loading=\"lazy\" width=\"1786\" height=\"978\" src=\"https:\/\/digilab-hait.de\/hub\/wp-content\/uploads\/2021\/05\/3landeck.png\" alt=\"\" class=\"wp-image-90\"\/><\/figure>\n\n\n\n<p>Nach Personen, Orten\/Regionen und Themen filterbare \u00dcbersicht verschiedener Zeitungen aus dem Dreil\u00e4ndereck mit Lese-Links soweit vorhanden<\/p>\n\n\n\n<div class=\"wp-block-buttons\">\n<div class=\"wp-block-button is-style-outline\"><a class=\"wp-block-button__link\" href=\"https:\/\/digilab-hait.de\/3landeck\/\">\u00d6ffnen<\/a><\/div>\n<\/div>\n\n\n\n<h3 style=\"font-size:30px\">Koordinatenfinder<\/h3>\n\n\n\n<figure class=\"wp-block-gallery columns-1 is-cropped\"><ul class=\"blocks-gallery-grid\"><li class=\"blocks-gallery-item\"><figure><img loading=\"lazy\" width=\"1230\" height=\"828\" src=\"https:\/\/digilab-hait.de\/hub\/wp-content\/uploads\/2021\/08\/koordinatenfinder-1.png\" alt=\"\" data-id=\"118\" data-link=\"https:\/\/digilab-hait.de\/hub\/index.php\/the-new-umoma-opens-its-doors\/koordinatenfinder-1\/\" class=\"wp-image-118\"\/><\/figure><\/li><\/ul><\/figure>\n\n\n\n<p>Konzept und Umsetzung: Jochen Tiepmar<\/p>\n\n\n\n<p>Ein kleines Werkzeug zur unkomplizierten Recherche von Koordinaten (L\u00e4ngen- und Breitengrad) f\u00fcr georeferenzierte Datenannotation in digitalisierungsfreundlichem Format. Koordinatenanzeige per Linksklick direkt auf der Karte oder per Addresssuche \u00fcber OpenStreetMap.<\/p>\n\n\n\n<div class=\"wp-block-buttons\">\n<div class=\"wp-block-button is-style-outline\"><a class=\"wp-block-button__link\" href=\"https:\/\/digilab-hait.de\/koordinatenfinder\/\">\u00d6ffnen<\/a><\/div>\n<\/div>\n\n\n\n<h2 style=\"font-size:40px\">Kartieren nach Zahlen<\/h2>\n\n\n\n<figure class=\"wp-block-image size-large\"><img loading=\"lazy\" width=\"1184\" height=\"733\" src=\"https:\/\/digilab-hait.de\/hub\/wp-content\/uploads\/2021\/05\/colormap.png\" alt=\"\" class=\"wp-image-89\"\/><\/figure>\n\n\n\n<p>Konzept und Umsetzung: Jochen Tiepmar<\/p>\n\n\n\n<p>Ein kleines Werkzeug zum Einf\u00e4rben von Karten anhand von Zahlenwerten. Zum Forschungsdatenschutz werden die Zahlenwerte und die Konfiguration nicht serverseitig gespeichert. Beides kann aber \u00fcber die Textfenster rechts lokal gespeichert und neu eingef\u00fcgt werden. <\/p>\n\n\n\n<p>Karten sind verf\u00fcgbar f\u00fcr:<br>Stadtteile der St\u00e4dte Chemnitz, Dresden, Leipzig<br>Landkreise und Gemeinden pro Bundesland<br>Bundesl\u00e4nder, Landkreise und Gemeinden deutschlandweit<br>L\u00e4nder pro Kontinent<br>L\u00e4nder und Kontinente als Weltkarte<\/p>\n\n\n\n<div class=\"wp-block-buttons\">\n<div class=\"wp-block-button is-style-outline\"><a class=\"wp-block-button__link\" href=\"https:\/\/digilab-hait.de\/colormap\/\">\u00d6ffnen<\/a><\/div>\n<\/div>\n<\/div>\n<\/div>\n\n\n\n<p><\/p>\n","protected":false},"excerpt":{"rendered":"<p>Das HAIT Digitallabor wurde im Rahmen der Digitalisierungsstrategie des Hannah-Arendt-Instituts am 26.05.2021 eingeweiht und zum 24.02.2023 als teil\u00f6ffentliches digitales Labor fertiggestellt Prototypen zur Datenbank Freiheitskampf In Vorbereitung der \u00dcberarbeitung der grafischen Nutzeroberfl\u00e4che der Datenbank zum langj\u00e4hrigen Forschungsprojekt Freiheitskampf sind verschiedene Prototypen und Studien aufgesetzt worden. Sie befassen sich zum einen mit thematischen Zug\u00e4ngen, die den [&hellip;]<\/p>\n","protected":false},"author":1,"featured_media":0,"parent":0,"menu_order":0,"comment_status":"closed","ping_status":"closed","template":"","meta":[],"_links":{"self":[{"href":"https:\/\/digilab-hait.de\/hub\/index.php\/wp-json\/wp\/v2\/pages\/10"}],"collection":[{"href":"https:\/\/digilab-hait.de\/hub\/index.php\/wp-json\/wp\/v2\/pages"}],"about":[{"href":"https:\/\/digilab-hait.de\/hub\/index.php\/wp-json\/wp\/v2\/types\/page"}],"author":[{"embeddable":true,"href":"https:\/\/digilab-hait.de\/hub\/index.php\/wp-json\/wp\/v2\/users\/1"}],"replies":[{"embeddable":true,"href":"https:\/\/digilab-hait.de\/hub\/index.php\/wp-json\/wp\/v2\/comments?post=10"}],"version-history":[{"count":54,"href":"https:\/\/digilab-hait.de\/hub\/index.php\/wp-json\/wp\/v2\/pages\/10\/revisions"}],"predecessor-version":[{"id":185,"href":"https:\/\/digilab-hait.de\/hub\/index.php\/wp-json\/wp\/v2\/pages\/10\/revisions\/185"}],"wp:attachment":[{"href":"https:\/\/digilab-hait.de\/hub\/index.php\/wp-json\/wp\/v2\/media?parent=10"}],"curies":[{"name":"wp","href":"https:\/\/api.w.org\/{rel}","templated":true}]}}